{"id":3,"date":"2021-11-28T11:13:39","date_gmt":"2021-11-28T10:13:39","guid":{"rendered":"https:\/\/supreme-fitness.de\/?page_id=3"},"modified":"2026-02-10T23:31:15","modified_gmt":"2026-02-10T22:31:15","slug":"datenschutzerklaerung","status":"publish","type":"page","link":"https:\/\/supreme-fitness.de\/?page_id=3","title":{"rendered":"Datenschutzerkl\u00e4rung"},"content":{"rendered":"<p>[et_pb_section fb_built=&#8220;1&#8243; admin_label=&#8220;section&#8220; _builder_version=&#8220;4.16&#8243; global_colors_info=&#8220;{}&#8220;][et_pb_row admin_label=&#8220;row&#8220; _builder_version=&#8220;4.16&#8243; background_size=&#8220;initial&#8220; background_position=&#8220;top_left&#8220; background_repeat=&#8220;repeat&#8220; global_colors_info=&#8220;{}&#8220;][et_pb_column type=&#8220;4_4&#8243; _builder_version=&#8220;4.16&#8243; custom_padding=&#8220;|||&#8220; global_colors_info=&#8220;{}&#8220; custom_padding__hover=&#8220;|||&#8220;][et_pb_text admin_label=&#8220;Text&#8220; _builder_version=&#8220;4.27.5&#8243; header_2_font_size=&#8220;20px&#8220; background_size=&#8220;initial&#8220; background_position=&#8220;top_left&#8220; background_repeat=&#8220;repeat&#8220; global_colors_info=&#8220;{}&#8220;]<\/p>\n<h1>Datenschutzerkl\u00e4rung<\/h1>\n<p>&nbsp;<\/p>\n<h2>1. Allgemeine Hinweise<\/h2>\n<p>Der Schutz deiner pers\u00f6nlichen Daten ist uns wichtig. Personenbezogene Daten werden auf dieser Website nur im technisch notwendigen Umfang verarbeitet.<\/p>\n<h2>2. Verantwortliche Stelle<\/h2>\n<p>Verantwortlich f\u00fcr die Datenverarbeitung auf dieser Website ist:<br \/><strong>SUPREME FITNESS CLUB UNTERMEITINGEN<\/strong><br \/>Boschstra\u00dfe 2<br \/>86836 Untermeitingen<br \/>E-Mail: kontakt&#64;supr&#101;&#109;&#101;&#45;&#102;&#105;&#116;&#110;&#101;&#115;&#115;&#46;&#100;&#101;<\/p>\n<h2>3. Zugriffsdaten \/ Server-Logfiles<\/h2>\n<p>Beim Aufruf dieser Website erhebt der Hosting-Provider automatisch Informationen in sogenannten Server-Logfiles.<br \/>Diese Daten sind technisch erforderlich, um die Website anzuzeigen und die Stabilit\u00e4t zu gew\u00e4hrleisten.<\/p>\n<p>Erfasst werden z. B.:<\/p>\n<ul>\n<li>Browsertyp und -version<\/li>\n<li>Betriebssystem<\/li>\n<li>IP-Adresse<\/li>\n<li>Datum und Uhrzeit des Zugriffs<\/li>\n<li>Diese Daten werden nicht mit anderen Datenquellen zusammengef\u00fchrt.<\/li>\n<\/ul>\n<h2>4. Kontaktaufnahme per E-Mail<\/h2>\n<p>Wenn du uns per E-Mail kontaktierst, werden die von dir \u00fcbermittelten Angaben (z. B. E-Mail-Adresse, Inhalt der Nachricht) gespeichert, um deine Anfrage zu bearbeiten.<br \/>Diese Daten geben wir nicht ohne deine Einwilligung weiter.<\/p>\n<h2>5. Keine Online-Buchung \/ kein Nutzerkonto<\/h2>\n<p>Auf dieser Baustellenseite sind keine Online-Buchungen, Formulare oder Nutzerkonten integriert.<\/p>\n<h2>6. Deine Rechte<\/h2>\n<p>Du hast jederzeit das Recht auf:<\/p>\n<ul>\n<li>Auskunft \u00fcber deine gespeicherten Daten<\/li>\n<li>Berichtigung oder L\u00f6schung<\/li>\n<li>Einschr\u00e4nkung der Verarbeitung<\/li>\n<li>Widerspruch gegen die Verarbeitung<\/li>\n<li>Hierzu gen\u00fcgt eine formlose Mitteilung per E-Mail.<\/li>\n<\/ul>\n<h3>7. Hosting<\/h3>\n<p>Diese Website wird bei einem externen Dienstleister gehostet. Die personenbezogenen Daten werden auf den Servern des Hosters verarbeitet, soweit dies zur Bereitstellung der Website erforderlich ist.<\/p>\n<p>[\/et_pb_text][\/et_pb_column][\/et_pb_row][\/et_pb_section][et_pb_section fb_built=&#8220;1&#8243; admin_label=&#8220;Footer&#8220; _builder_version=&#8220;4.27.5&#8243; _module_preset=&#8220;default&#8220; background_color=&#8220;#000000&#8243; custom_padding=&#8220;||0px|||&#8220; saved_tabs=&#8220;all&#8220; locked=&#8220;off&#8220; collapsed=&#8220;off&#8220; global_colors_info=&#8220;{}&#8220;][et_pb_row column_structure=&#8220;1_3,1_3,1_3&#8243; _builder_version=&#8220;4.27.5&#8243; _module_preset=&#8220;default&#8220; background_enable_color=&#8220;off&#8220; global_colors_info=&#8220;{}&#8220;][et_pb_column type=&#8220;1_3&#8243; _builder_version=&#8220;4.27.5&#8243; _module_preset=&#8220;default&#8220; global_colors_info=&#8220;{}&#8220;][et_pb_text _builder_version=&#8220;4.27.5&#8243; _module_preset=&#8220;0dc07b94-20ec-4171-9d6c-a4b8d4525f21&#8243; background_layout=&#8220;dark&#8220; custom_margin=&#8220;||10px||false|false&#8220; global_colors_info=&#8220;{}&#8220;]<\/p>\n<h6>Hier findest Du uns<\/h6>\n<p>[\/et_pb_text][et_pb_text _builder_version=&#8220;4.27.5&#8243; _module_preset=&#8220;4118a7e9-a1b6-4ab0-adad-a85b7e49b66c&#8220; text_font=&#8220;||||||||&#8220; link_text_color=&#8220;gcid-995ea536-d942-449e-b40e-0d7d5e4aa608&#8243; background_layout=&#8220;dark&#8220; custom_margin=&#8220;||10px||false|false&#8220; global_colors_info=&#8220;{%22gcid-995ea536-d942-449e-b40e-0d7d5e4aa608%22:%91%22link_text_color%22%93}&#8220;]<\/p>\n<p>Boschstra\u00dfe 2<br \/>86836 Untermeitingen<\/p>\n<p>[\/et_pb_text][\/et_pb_column][et_pb_column type=&#8220;1_3&#8243; _builder_version=&#8220;4.22.1&#8243; _module_preset=&#8220;default&#8220; global_colors_info=&#8220;{}&#8220;][et_pb_text _builder_version=&#8220;4.27.5&#8243; _module_preset=&#8220;0dc07b94-20ec-4171-9d6c-a4b8d4525f21&#8243; background_layout=&#8220;dark&#8220; custom_margin=&#8220;||10px||false|false&#8220; global_colors_info=&#8220;{}&#8220;]<\/p>\n<h6>So erreichst Du uns<\/h6>\n<p>[\/et_pb_text][et_pb_text _builder_version=&#8220;4.27.5&#8243; _module_preset=&#8220;4118a7e9-a1b6-4ab0-adad-a85b7e49b66c&#8220; text_font=&#8220;||||||||&#8220; link_text_color=&#8220;gcid-995ea536-d942-449e-b40e-0d7d5e4aa608&#8243; background_layout=&#8220;dark&#8220; custom_margin=&#8220;||10px||false|false&#8220; link_option_url=&#8220;mailto: &#107;&#x6f;&#110;&#x74;a&#x6b;t&#64;&#x73;&#117;&#x70;&#114;&#x65;m&#x65;-&#102;&#x69;&#116;&#x6e;e&#x73;s&#x2e;&#x64;&#101;&#8220; global_colors_info=&#8220;{%22gcid-995ea536-d942-449e-b40e-0d7d5e4aa608%22:%91%22link_text_color%22%93}&#8220;]<\/p>\n<p>&#x6b;&#111;&#x6e;&#116;a&#x6b;&#116;&#64;&#x73;&#117;&#x70;&#x72;e&#x6d;&#101;-&#x66;&#105;&#x74;&#x6e;e&#x73;&#115;&#46;&#x64;&#101;<\/p>\n<p>[\/et_pb_text][\/et_pb_column][et_pb_column type=&#8220;1_3&#8243; _builder_version=&#8220;4.22.1&#8243; _module_preset=&#8220;default&#8220; global_colors_info=&#8220;{}&#8220;][et_pb_text _builder_version=&#8220;4.27.5&#8243; _module_preset=&#8220;0dc07b94-20ec-4171-9d6c-a4b8d4525f21&#8243; background_layout=&#8220;dark&#8220; custom_margin=&#8220;||10px||false|false&#8220; global_colors_info=&#8220;{}&#8220;]<\/p>\n<h6>Links<\/h6>\n<p>[\/et_pb_text][et_pb_text _builder_version=&#8220;4.27.5&#8243; _module_preset=&#8220;4118a7e9-a1b6-4ab0-adad-a85b7e49b66c&#8220; text_font=&#8220;||||||||&#8220; link_text_color=&#8220;#FFFFFF&#8220; background_layout=&#8220;dark&#8220; custom_margin=&#8220;||10px||false|false&#8220; link_option_url=&#8220;mailto: &#107;&#x6f;&#x6e;t&#97;&#x6b;t&#64;&#x73;&#x75;p&#114;&#x65;m&#101;&#x2d;&#x66;i&#116;&#x6e;e&#115;&#x73;&#x2e;&#100;&#101;&#8220; global_colors_info=&#8220;{}&#8220;]<\/p>\n<p><a href=\"https:\/\/supreme-fitness.de\/?page_id=52892\">Impressum<\/a><br \/><a href=\"https:\/\/supreme-fitness.de\/?page_id=3\">Datenschutz<\/a><\/p>\n<p>[\/et_pb_text][\/et_pb_column][\/et_pb_row][\/et_pb_section]<\/p>\n","protected":false},"excerpt":{"rendered":"<p>Datenschutzerkl\u00e4rung &nbsp; 1. Allgemeine Hinweise Der Schutz deiner pers\u00f6nlichen Daten ist uns wichtig. Personenbezogene Daten werden auf dieser Website nur im technisch notwendigen Umfang verarbeitet. 2. Verantwortliche Stelle Verantwortlich f\u00fcr die Datenverarbeitung auf dieser Website ist:SUPREME FITNESS CLUB UNTERMEITINGENBoschstra\u00dfe 286836 UntermeitingenE-Mail: &#107;o&#x6e;t&#x61;k&#x74;&#64;&#x73;u&#x70;r&#x65;&#109;&#x65;&#45;&#x66;&#105;&#x74;&#110;&#x65;&#115;&#x73;&#46;&#x64;&#101; 3. Zugriffsdaten \/ Server-Logfiles Beim Aufruf dieser Website erhebt der Hosting-Provider automatisch Informationen [&hellip;]<\/p>\n","protected":false},"author":1,"featured_media":0,"parent":0,"menu_order":0,"comment_status":"closed","ping_status":"closed","template":"","meta":{"_et_pb_use_builder":"on","_et_pb_old_content":"<!-- wp:heading -->\r\n<h2>Wer wir sind<\/h2>\r\n<!-- \/wp:heading --><!-- wp:paragraph -->\r\n<p><strong class=\"privacy-policy-tutorial\">Textvorschlag: <\/strong>Die Adresse unserer Website ist: https:\/\/supreme-fitness.de.<\/p>\r\n<!-- \/wp:paragraph --><!-- wp:heading -->\r\n<h2>Kommentare<\/h2>\r\n<!-- \/wp:heading --><!-- wp:paragraph -->\r\n<p><strong class=\"privacy-policy-tutorial\">Textvorschlag: <\/strong>Wenn Besucher Kommentare auf der Website schreiben, sammeln wir die Daten, die im Kommentar-Formular angezeigt werden, au\u00dferdem die IP-Adresse des Besuchers und den User-Agent-String (damit wird der Browser identifiziert), um die Erkennung von Spam zu unterst\u00fctzen.<\/p>\r\n<!-- \/wp:paragraph --><!-- wp:paragraph -->\r\n<p>Aus deiner E-Mail-Adresse kann eine anonymisierte Zeichenfolge erstellt (auch Hash genannt) und dem Gravatar-Dienst \u00fcbergeben werden, um zu pr\u00fcfen, ob du diesen benutzt. Die Datenschutzerkl\u00e4rung des Gravatar-Dienstes findest du hier: https:\/\/automattic.com\/privacy\/. Nachdem dein Kommentar freigegeben wurde, ist dein Profilbild \u00f6ffentlich im Kontext deines Kommentars sichtbar.<\/p>\r\n<!-- \/wp:paragraph --><!-- wp:heading -->\r\n<h2>Medien<\/h2>\r\n<!-- \/wp:heading --><!-- wp:paragraph -->\r\n<p><strong class=\"privacy-policy-tutorial\">Textvorschlag: <\/strong>Wenn du ein registrierter Benutzer bist und Fotos auf diese Website l\u00e4dst, solltest du vermeiden, Fotos mit einem EXIF-GPS-Standort hochzuladen. Besucher dieser Website k\u00f6nnten Fotos, die auf dieser Website gespeichert sind, herunterladen und deren Standort-Informationen extrahieren.<\/p>\r\n<!-- \/wp:paragraph --><!-- wp:heading -->\r\n<h2>Cookies<\/h2>\r\n<!-- \/wp:heading --><!-- wp:paragraph -->\r\n<p><strong class=\"privacy-policy-tutorial\">Textvorschlag: <\/strong>Wenn du einen Kommentar auf unserer Website schreibst, kann das eine Einwilligung sein, deinen Namen, E-Mail-Adresse und Website in Cookies zu speichern. Dies ist eine Komfortfunktion, damit du nicht, wenn du einen weiteren Kommentar schreibst, all diese Daten erneut eingeben musst. Diese Cookies werden ein Jahr lang gespeichert.<\/p>\r\n<!-- \/wp:paragraph --><!-- wp:paragraph -->\r\n<p>Falls du ein Konto hast und dich auf dieser Website anmeldest, werden wir ein tempor\u00e4res Cookie setzen, um festzustellen, ob dein Browser Cookies akzeptiert. Dieses Cookie enth\u00e4lt keine personenbezogenen Daten und wird verworfen, wenn du deinen Browser schlie\u00dft.<\/p>\r\n<!-- \/wp:paragraph --><!-- wp:paragraph -->\r\n<p>Wenn du dich anmeldest, werden wir einige Cookies einrichten, um deine Anmeldeinformationen und Anzeigeoptionen zu speichern. Anmelde-Cookies verfallen nach zwei Tagen und Cookies f\u00fcr die Anzeigeoptionen nach einem Jahr. Falls du bei der Anmeldung \u201eAngemeldet bleiben\u201c ausw\u00e4hlst, wird deine Anmeldung zwei Wochen lang aufrechterhalten. Mit der Abmeldung aus deinem Konto werden die Anmelde-Cookies gel\u00f6scht.<\/p>\r\n<!-- \/wp:paragraph --><!-- wp:paragraph -->\r\n<p>Wenn du einen Artikel bearbeitest oder ver\u00f6ffentlichst, wird ein zus\u00e4tzlicher Cookie in deinem Browser gespeichert. Dieser Cookie enth\u00e4lt keine personenbezogenen Daten und verweist nur auf die Beitrags-ID des Artikels, den du gerade bearbeitet hast. Der Cookie verf\u00e4llt nach einem Tag.<\/p>\r\n<!-- \/wp:paragraph --><!-- wp:heading -->\r\n<h2>Eingebettete Inhalte von anderen Websites<\/h2>\r\n<!-- \/wp:heading --><!-- wp:paragraph -->\r\n<p><strong class=\"privacy-policy-tutorial\">Textvorschlag: <\/strong>Beitr\u00e4ge auf dieser Website k\u00f6nnen eingebettete Inhalte beinhalten (z.\u00a0B. Videos, Bilder, Beitr\u00e4ge etc.). Eingebettete Inhalte von anderen Websites verhalten sich exakt so, als ob der Besucher die andere Website besucht h\u00e4tte.<\/p>\r\n<!-- \/wp:paragraph --><!-- wp:paragraph -->\r\n<p>Diese Websites k\u00f6nnen Daten \u00fcber dich sammeln, Cookies benutzen, zus\u00e4tzliche Tracking-Dienste von Dritten einbetten und deine Interaktion mit diesem eingebetteten Inhalt aufzeichnen, inklusive deiner Interaktion mit dem eingebetteten Inhalt, falls du ein Konto hast und auf dieser Website angemeldet bist.<\/p>\r\n<!-- \/wp:paragraph --><!-- wp:heading -->\r\n<h2>Mit wem wir deine Daten teilen<\/h2>\r\n<!-- \/wp:heading --><!-- wp:paragraph -->\r\n<p><strong class=\"privacy-policy-tutorial\">Textvorschlag: <\/strong>Wenn du eine Zur\u00fccksetzung des Passworts beantragst, wird deine IP-Adresse in der E-Mail zur Zur\u00fccksetzung enthalten sein.<\/p>\r\n<!-- \/wp:paragraph --><!-- wp:heading -->\r\n<h2>Wie lange wir deine Daten speichern<\/h2>\r\n<!-- \/wp:heading --><!-- wp:paragraph -->\r\n<p><strong class=\"privacy-policy-tutorial\">Textvorschlag: <\/strong>Wenn du einen Kommentar schreibst, wird dieser inklusive Metadaten zeitlich unbegrenzt gespeichert. Auf diese Art k\u00f6nnen wir Folgekommentare automatisch erkennen und freigeben, anstatt sie in einer Moderations-Warteschlange festzuhalten.<\/p>\r\n<!-- \/wp:paragraph --><!-- wp:paragraph -->\r\n<p>F\u00fcr Benutzer, die sich auf unserer Website registrieren, speichern wir zus\u00e4tzlich die pers\u00f6nlichen Informationen, die sie in ihren Benutzerprofilen angeben. Alle Benutzer k\u00f6nnen jederzeit ihre pers\u00f6nlichen Informationen einsehen, ver\u00e4ndern oder l\u00f6schen (der Benutzername kann nicht ver\u00e4ndert werden). Administratoren der Website k\u00f6nnen diese Informationen ebenfalls einsehen und ver\u00e4ndern.<\/p>\r\n<!-- \/wp:paragraph --><!-- wp:heading -->\r\n<h2>Welche Rechte du an deinen Daten hast<\/h2>\r\n<!-- \/wp:heading --><!-- wp:paragraph -->\r\n<p><strong class=\"privacy-policy-tutorial\">Textvorschlag: <\/strong>Wenn du ein Konto auf dieser Website besitzt oder Kommentare geschrieben hast, kannst du einen Export deiner personenbezogenen Daten bei uns anfordern, inklusive aller Daten, die du uns mitgeteilt hast. Dar\u00fcber hinaus kannst du die L\u00f6schung aller personenbezogenen Daten, die wir von dir gespeichert haben, anfordern. Dies umfasst nicht die Daten, die wir aufgrund administrativer, rechtlicher oder sicherheitsrelevanter Notwendigkeiten aufbewahren m\u00fcssen.<\/p>\r\n<!-- \/wp:paragraph --><!-- wp:heading -->\r\n<h2>Wohin wir deine Daten senden<\/h2>\r\n<!-- \/wp:heading --><!-- wp:paragraph -->\r\n<p><strong class=\"privacy-policy-tutorial\">Textvorschlag: <\/strong>Besucher-Kommentare k\u00f6nnten von einem automatisierten Dienst zur Spam-Erkennung untersucht werden.<\/p>\r\n<!-- \/wp:paragraph -->","_et_gb_content_width":"","footnotes":""},"class_list":["post-3","page","type-page","status-publish","hentry"],"yoast_head":"<!-- This site is optimized with the Yoast SEO plugin v27.6 - https:\/\/yoast.com\/product\/yoast-seo-wordpress\/ -->\n<title>Datenschutzerkl\u00e4rung - Supreme Fitness-Club<\/title>\n<meta name=\"robots\" content=\"index, follow, max-snippet:-1, max-image-preview:large, max-video-preview:-1\" \/>\n<link rel=\"canonical\" href=\"https:\/\/supreme-fitness.de\/?page_id=3\" \/>\n<meta property=\"og:locale\" content=\"de_DE\" \/>\n<meta property=\"og:type\" content=\"article\" \/>\n<meta property=\"og:title\" content=\"Datenschutzerkl\u00e4rung - Supreme Fitness-Club\" \/>\n<meta property=\"og:description\" content=\"Datenschutzerkl\u00e4rung &nbsp; 1. Allgemeine Hinweise Der Schutz deiner pers\u00f6nlichen Daten ist uns wichtig. Personenbezogene Daten werden auf dieser Website nur im technisch notwendigen Umfang verarbeitet. 2. Verantwortliche Stelle Verantwortlich f\u00fcr die Datenverarbeitung auf dieser Website ist:SUPREME FITNESS CLUB UNTERMEITINGENBoschstra\u00dfe 286836 UntermeitingenE-Mail: kontakt@supreme-fitness.de 3. Zugriffsdaten \/ Server-Logfiles Beim Aufruf dieser Website erhebt der Hosting-Provider automatisch Informationen [&hellip;]\" \/>\n<meta property=\"og:url\" content=\"https:\/\/supreme-fitness.de\/?page_id=3\" \/>\n<meta property=\"og:site_name\" content=\"Supreme Fitness-Club\" \/>\n<meta property=\"article:modified_time\" content=\"2026-02-10T22:31:15+00:00\" \/>\n<meta name=\"twitter:card\" content=\"summary_large_image\" \/>\n<meta name=\"twitter:label1\" content=\"Gesch\u00e4tzte Lesezeit\" \/>\n\t<meta name=\"twitter:data1\" content=\"2\u00a0Minuten\" \/>\n<script type=\"application\/ld+json\" class=\"yoast-schema-graph\">{\"@context\":\"https:\\\/\\\/schema.org\",\"@graph\":[{\"@type\":\"WebPage\",\"@id\":\"https:\\\/\\\/supreme-fitness.de\\\/?page_id=3\",\"url\":\"https:\\\/\\\/supreme-fitness.de\\\/?page_id=3\",\"name\":\"Datenschutzerkl\u00e4rung - Supreme Fitness-Club\",\"isPartOf\":{\"@id\":\"https:\\\/\\\/supreme-fitness.de\\\/#website\"},\"datePublished\":\"2021-11-28T10:13:39+00:00\",\"dateModified\":\"2026-02-10T22:31:15+00:00\",\"breadcrumb\":{\"@id\":\"https:\\\/\\\/supreme-fitness.de\\\/?page_id=3#breadcrumb\"},\"inLanguage\":\"de\",\"potentialAction\":[{\"@type\":\"ReadAction\",\"target\":[\"https:\\\/\\\/supreme-fitness.de\\\/?page_id=3\"]}]},{\"@type\":\"BreadcrumbList\",\"@id\":\"https:\\\/\\\/supreme-fitness.de\\\/?page_id=3#breadcrumb\",\"itemListElement\":[{\"@type\":\"ListItem\",\"position\":1,\"name\":\"Startseite\",\"item\":\"https:\\\/\\\/supreme-fitness.de\\\/\"},{\"@type\":\"ListItem\",\"position\":2,\"name\":\"Datenschutzerkl\u00e4rung\"}]},{\"@type\":\"WebSite\",\"@id\":\"https:\\\/\\\/supreme-fitness.de\\\/#website\",\"url\":\"https:\\\/\\\/supreme-fitness.de\\\/\",\"name\":\"Supreme Fitness-Club\",\"description\":\"Standardinstallation\",\"potentialAction\":[{\"@type\":\"SearchAction\",\"target\":{\"@type\":\"EntryPoint\",\"urlTemplate\":\"https:\\\/\\\/supreme-fitness.de\\\/?s={search_term_string}\"},\"query-input\":{\"@type\":\"PropertyValueSpecification\",\"valueRequired\":true,\"valueName\":\"search_term_string\"}}],\"inLanguage\":\"de\"}]}<\/script>\n<!-- \/ Yoast SEO plugin. -->","yoast_head_json":{"title":"Datenschutzerkl\u00e4rung - Supreme Fitness-Club","robots":{"index":"index","follow":"follow","max-snippet":"max-snippet:-1","max-image-preview":"max-image-preview:large","max-video-preview":"max-video-preview:-1"},"canonical":"https:\/\/supreme-fitness.de\/?page_id=3","og_locale":"de_DE","og_type":"article","og_title":"Datenschutzerkl\u00e4rung - Supreme Fitness-Club","og_description":"Datenschutzerkl\u00e4rung &nbsp; 1. Allgemeine Hinweise Der Schutz deiner pers\u00f6nlichen Daten ist uns wichtig. Personenbezogene Daten werden auf dieser Website nur im technisch notwendigen Umfang verarbeitet. 2. Verantwortliche Stelle Verantwortlich f\u00fcr die Datenverarbeitung auf dieser Website ist:SUPREME FITNESS CLUB UNTERMEITINGENBoschstra\u00dfe 286836 UntermeitingenE-Mail: kontakt@supreme-fitness.de 3. Zugriffsdaten \/ Server-Logfiles Beim Aufruf dieser Website erhebt der Hosting-Provider automatisch Informationen [&hellip;]","og_url":"https:\/\/supreme-fitness.de\/?page_id=3","og_site_name":"Supreme Fitness-Club","article_modified_time":"2026-02-10T22:31:15+00:00","twitter_card":"summary_large_image","twitter_misc":{"Gesch\u00e4tzte Lesezeit":"2\u00a0Minuten"},"schema":{"@context":"https:\/\/schema.org","@graph":[{"@type":"WebPage","@id":"https:\/\/supreme-fitness.de\/?page_id=3","url":"https:\/\/supreme-fitness.de\/?page_id=3","name":"Datenschutzerkl\u00e4rung - Supreme Fitness-Club","isPartOf":{"@id":"https:\/\/supreme-fitness.de\/#website"},"datePublished":"2021-11-28T10:13:39+00:00","dateModified":"2026-02-10T22:31:15+00:00","breadcrumb":{"@id":"https:\/\/supreme-fitness.de\/?page_id=3#breadcrumb"},"inLanguage":"de","potentialAction":[{"@type":"ReadAction","target":["https:\/\/supreme-fitness.de\/?page_id=3"]}]},{"@type":"BreadcrumbList","@id":"https:\/\/supreme-fitness.de\/?page_id=3#breadcrumb","itemListElement":[{"@type":"ListItem","position":1,"name":"Startseite","item":"https:\/\/supreme-fitness.de\/"},{"@type":"ListItem","position":2,"name":"Datenschutzerkl\u00e4rung"}]},{"@type":"WebSite","@id":"https:\/\/supreme-fitness.de\/#website","url":"https:\/\/supreme-fitness.de\/","name":"Supreme Fitness-Club","description":"Standardinstallation","potentialAction":[{"@type":"SearchAction","target":{"@type":"EntryPoint","urlTemplate":"https:\/\/supreme-fitness.de\/?s={search_term_string}"},"query-input":{"@type":"PropertyValueSpecification","valueRequired":true,"valueName":"search_term_string"}}],"inLanguage":"de"}]}},"_links":{"self":[{"href":"https:\/\/supreme-fitness.de\/index.php?rest_route=\/wp\/v2\/pages\/3","targetHints":{"allow":["GET"]}}],"collection":[{"href":"https:\/\/supreme-fitness.de\/index.php?rest_route=\/wp\/v2\/pages"}],"about":[{"href":"https:\/\/supreme-fitness.de\/index.php?rest_route=\/wp\/v2\/types\/page"}],"author":[{"embeddable":true,"href":"https:\/\/supreme-fitness.de\/index.php?rest_route=\/wp\/v2\/users\/1"}],"replies":[{"embeddable":true,"href":"https:\/\/supreme-fitness.de\/index.php?rest_route=%2Fwp%2Fv2%2Fcomments&post=3"}],"version-history":[{"count":10,"href":"https:\/\/supreme-fitness.de\/index.php?rest_route=\/wp\/v2\/pages\/3\/revisions"}],"predecessor-version":[{"id":54220,"href":"https:\/\/supreme-fitness.de\/index.php?rest_route=\/wp\/v2\/pages\/3\/revisions\/54220"}],"wp:attachment":[{"href":"https:\/\/supreme-fitness.de\/index.php?rest_route=%2Fwp%2Fv2%2Fmedia&parent=3"}],"curies":[{"name":"wp","href":"https:\/\/api.w.org\/{rel}","templated":true}]}}